{"id":15,"date":"2022-01-05T14:07:27","date_gmt":"2022-01-05T14:07:27","guid":{"rendered":"https:\/\/becountry.be\/?page_id=15"},"modified":"2025-09-25T13:05:12","modified_gmt":"2025-09-25T11:05:12","slug":"accueil","status":"publish","type":"page","link":"https:\/\/becountry.be\/","title":{"rendered":"Accueil"},"content":{"rendered":"\n<h1>\n\t\t\tBienvenue\t<\/h1>\n\t<p>Martine s&rsquo;applique \u00e0 donner un enseignement de qualit\u00e9 toujours dans la bonne humeur.<\/p>\n<p>Une fois le premier pas franchi (c&rsquo;est-\u00e0-dire s&rsquo;inscrire au cours), Martine vous fera partager sa passion pour la danse dans une ambiance conviviale et dynamique. <\/p>\n<p><strong>Danser permet de rester en forme \u00e0 la fois physiquement et mentalement !<\/strong><\/p>\n\t\t\t\t<img decoding=\"async\" src=\"https:\/\/becountry.be\/wp-content\/uploads\/2022\/01\/P1040879.jpg\" alt=\"P1040879\" itemprop=\"image\" height=\"1224\" width=\"1632\" title=\"P1040879\" onerror=\"this.style.display='none'\" loading=\"lazy\" \/>\n<h2>\n\t\t\tMartine\t<\/h2>\n\t<p>Martine Saelens, dipl\u00f4m\u00e9e de l&rsquo;<a href=\"https:\/\/www.buldo.be\/fr\/\" target=\"_blank\" rel=\"noopener\">UBPDM<\/a> (Union Belge des Professeurs de Danse et de Maintien), pratique la danse de salon depuis 1996. Elle a d\u00e9couvert la danse Country il y a quelques ann\u00e9es et s&rsquo;est distingu\u00e9e dans plusieurs championnats. Elle est \u00e9galement instructeur de l&rsquo;A.C.W.D.B. (Association Country Western Dance Belgium) et de la <a href=\"https:\/\/ffcld.com\/\" target=\"_blank\" rel=\"noopener\">F.F.C.L.D.<\/a> (F\u00e9d\u00e9ration Francophone de Country Line Dance) pour lesquelles elle donne des formations techniques et th\u00e9oriques.<\/p>\n<h2>\n\t\t\tDanses de ligne\t<\/h2>\n\t<p>Le succ\u00e8s des danses en ligne (line dance) ne cesse de grandir, non seulement aux USA mais aussi en Europe. Comme leur nom l&rsquo;indique, les danses en ligne se composent de groupes de figures ex\u00e9cut\u00e9es en ligne, tout le monde danse les m\u00eames pas dans la m\u00eame direction.<\/p>\n\t\t\t\t\t<a href=\"#\"  id=\"fl-accordion--label-0\" tabindex=\"0\" aria-controls=\"fl-accordion--panel-0\">Lire la suite &#8230;<\/a>\n\t\t\t\t\t\t\t\t\t\t\t<a href=\"#\" id=\"fl-accordion--icon-0\"  tabindex=\"0\"><i title=\"D\u00e9plier\">D\u00e9plier<\/i><\/a>\n\t\t\t\t\tLa danse country se pratique sur tous les genres musicaux. Les nombreuses chor\u00e9graphies vous garantiront des heures de plaisir au sein d&rsquo;un groupe de passionn\u00e9s, ainsi que de multiples sorties.<br \/>\nPas besoin de partenaire pour nous rejoindre au cours de danse country, une bonne paire de chaussures et votre bonne humeur suffiront.\n<p>Pour vous aider \u00e0 bien d\u00e9marrer la danse de ligne, il existe une\u00a0<a href=\"Choregraphies\/termes_country.pdf\" target=\"_blank\" rel=\"noopener\">terminologie des pas<\/a>\u00a0qu&rsquo;il est utile de conna\u00eetre pour avoir plus facile \u00e0 suivre les explications au cours.<\/p>\n<h2>\n\t\t\tD\u00e9finition d&rsquo;un Prof de danse Country\t<\/h2>\n\t<p>C&rsquo;est quelqu&rsquo;un qui passe chaque semaine plusieurs heures \u00e0 pr\u00e9parer ses cours: chercher des danses, les essayer, chercher les musiques, chercher une fa\u00e7on d&rsquo;expliquer la plus performante.<\/p>\n<p>C&rsquo;est quelqu&rsquo;un qui consacre certains de ses week-ends \u00e0 se former lors des stages, de cours de techniques.<\/p>\n<p><strong><a href=\"https:\/\/m.facebook.com\/story.php?story_fbid=pfbid0SmgZhReTtQCuYwunAYMbYXrpbrD3PwfbM7WE1GoC1h2xrteNR5ofmPcjnag43k8Vl&amp;id=100003679748439&amp;sfnsn=mo\" target=\"_blank\" rel=\"noopener\">Lire plus&#8230;<\/a><\/strong><\/p>\n\t\t\t\t<a href=\"https:\/\/m.facebook.com\/story.php?story_fbid=pfbid0SmgZhReTtQCuYwunAYMbYXrpbrD3PwfbM7WE1GoC1h2xrteNR5ofmPcjnag43k8Vl&#038;id=100003679748439&#038;sfnsn=mo\"  target=\"_blank\" rel=\"noopener\"  itemprop=\"url\">\n\t\t\t\t<img decoding=\"async\" src=\"https:\/\/becountry.be\/wp-content\/uploads\/2023\/11\/Logo-country-300x300.jpg\" alt=\"Logo country\" itemprop=\"image\" height=\"300\" width=\"300\" title=\"Logo country\" onerror=\"this.style.display='none'\" loading=\"lazy\" \/>\n\t\t\t\t<\/a>\n<h2>\n\t\t\tD\u00e9butants 18h30\t<\/h2>\n<h2>\n\t\t\tAvanc\u00e9s 19h30\t<\/h2>\n<h3>\n\t\t\tMaison du Peuple \u00e0 Besonrieux\t<\/h3>\n\t<iframe src=\"https:\/\/www.google.com\/maps\/embed?pb=!1m18!1m12!1m3!1d2537.2350623646294!2d4.192803676337652!3d50.51119297160393!2m3!1f0!2f0!3f0!3m2!1i1024!2i768!4f13.1!3m3!1m2!1s0x47c237e373e46c61%3A0x5f02fb69ff81dc30!2sMaison%20du%20Peuple!5e0!3m2!1sfr!2slu!4v1692209434831!5m2!1sfr!2slu\" width=\"400\" height=\"300\" allowfullscreen=\"\" loading=\"lazy\" referrerpolicy=\"no-referrer-when-downgrade\"><\/iframe>\n\t\t\t\t<img decoding=\"async\" src=\"https:\/\/becountry.be\/wp-content\/uploads\/2023\/09\/FB-line-dance.jpg\" alt=\"FB line dance\" itemprop=\"image\" height=\"774\" width=\"769\" title=\"FB line dance\" onerror=\"this.style.display='none'\" loading=\"lazy\" \/>\n\t<h3>Entrez dans la Danse<\/h3>\n\tLa danse a plus d&rsquo;un atout pour vous faire tourner la t\u00eate et le corps, \u00e0 commencer par un haut potentiel de bonne humeur.<br \/>\n<em>Article Femmes d&rsquo;Aujourd&rsquo;hui &#8211; 2022<\/em>\n\t\t\t\t<a href=\"https:\/\/becountry.be\/wp-content\/uploads\/2022\/12\/Entrez-dans-la-danse.pdf\"  target=\"_blank\" rel=\"noopener\"  itemprop=\"url\">\n\t\t\t\t<img decoding=\"async\" src=\"https:\/\/becountry.be\/wp-content\/uploads\/2022\/12\/Entrez-dans-la-danse_page-0001.jpg\" alt=\"Entrez dans la danse_page-0001\" itemprop=\"image\" height=\"1755\" width=\"1240\" title=\"Entrez dans la danse_page-0001\" onerror=\"this.style.display='none'\" loading=\"lazy\" \/>\n\t\t\t\t<\/a>\n\t\t\t\t<a href=\"https:\/\/becountry.be\/wp-content\/uploads\/2022\/12\/Entrez-dans-la-danse.pdf\"  target=\"_blank\" rel=\"noopener\"  itemprop=\"url\">\n\t\t\t\t<img decoding=\"async\" src=\"https:\/\/becountry.be\/wp-content\/uploads\/2022\/12\/Entrez-dans-la-danse_page-0002.jpg\" alt=\"Entrez dans la danse_page-0002\" itemprop=\"image\" height=\"1755\" width=\"1240\" title=\"Entrez dans la danse_page-0002\" onerror=\"this.style.display='none'\" loading=\"lazy\" \/>\n\t\t\t\t<\/a>\n\t<h3>Je T&rsquo;aime, etc &#8211; Danser c&rsquo;est muscler son cerveau<\/h3>\n\t<p>Emission de France 2 t\u00e9l\u00e9vision<\/p>\n\t\t<iframe loading=\"lazy\" width=\"560\" height=\"315\" src=\"https:\/\/www.youtube.com\/embed\/qy6ZhGex694\" title=\"YouTube video player\" frameborder=\"0\" allow=\"accelerometer; autoplay; clipboard-write; encrypted-media; gyroscope; picture-in-picture\" allowfullscreen><\/iframe>\t\n\t\t\t\t<img decoding=\"async\" src=\"https:\/\/becountry.be\/wp-content\/uploads\/2022\/01\/DSC01270-e1641896707599.jpg\" alt=\"DSC01270\" itemprop=\"image\" height=\"430\" width=\"640\" title=\"DSC01270\" onerror=\"this.style.display='none'\" loading=\"lazy\" \/>\n\t\t\t\t<img decoding=\"async\" src=\"https:\/\/becountry.be\/wp-content\/uploads\/2022\/01\/Summer-Classic-2016_12-banner.jpg\" alt=\"Summer Classic 2016_12 banner\" itemprop=\"image\" height=\"974\" width=\"1366\" title=\"Summer Classic 2016_12 banner\" onerror=\"this.style.display='none'\" loading=\"lazy\" \/>\n\t\t\t\t<a href=\"https:\/\/www.worldcdf.com\/\"  target=\"_blank\" rel=\"noopener\"  itemprop=\"url\">\n\t\t\t\t<img decoding=\"async\" src=\"https:\/\/becountry.be\/wp-content\/uploads\/2022\/01\/Worldcdf_logo.png\" alt=\"Worldcdf_logo\" itemprop=\"image\" height=\"367\" width=\"368\" title=\"Worldcdf_logo\" onerror=\"this.style.display='none'\" loading=\"lazy\" \/>\n\t\t\t\t<\/a>\n\t\t\t\t<a href=\"http:\/\/www.liguedeladanse.com\/\"  target=\"_blank\" rel=\"noopener\"  itemprop=\"url\">\n\t\t\t\t<img decoding=\"async\" src=\"https:\/\/becountry.be\/wp-content\/uploads\/2022\/01\/ligue-de-la-danse.gif\" alt=\"ligue de la danse\" itemprop=\"image\" height=\"130\" width=\"170\" title=\"ligue de la danse\" onerror=\"this.style.display='none'\" loading=\"lazy\" \/>\n\t\t\t\t<\/a>\n\n","protected":false},"excerpt":{"rendered":"<p>Bienvenue Martine s&rsquo;applique \u00e0 donner un enseignement de qualit\u00e9 toujours dans la bonne humeur. Une fois le premier pas franchi (c&rsquo;est-\u00e0-dire s&rsquo;inscrire au cours), Martine vous fera partager sa passion pour la danse dans une ambiance conviviale et dynamique. Danser permet de rester en forme \u00e0 la fois physiquement et mentalement ! Martine Martine Saelens, [&hellip;]<\/p>\n","protected":false},"author":1,"featured_media":0,"parent":0,"menu_order":0,"comment_status":"closed","ping_status":"closed","template":"","meta":{"site-sidebar-layout":"no-sidebar","site-content-layout":"page-builder","ast-site-content-layout":"default","site-content-style":"default","site-sidebar-style":"default","ast-global-header-display":"","ast-banner-title-visibility":"","ast-main-header-display":"","ast-hfb-above-header-display":"","ast-hfb-below-header-display":"","ast-hfb-mobile-header-display":"","site-post-title":"disabled","ast-breadcrumbs-content":"","ast-featured-img":"disabled","footer-sml-layout":"","ast-disable-related-posts":"","theme-transparent-header-meta":"","adv-header-id-meta":"","stick-header-meta":"","header-above-stick-meta":"","header-main-stick-meta":"","header-below-stick-meta":"","astra-migrate-meta-layouts":"default","ast-page-background-enabled":"default","ast-page-background-meta":{"desktop":{"background-color":"","background-image":"","background-repeat":"repeat","background-position":"center center","background-size":"auto","background-attachment":"scroll","background-type":"","background-media":"","overlay-type":"","overlay-color":"","overlay-opacity":"","overlay-gradient":""},"tablet":{"background-color":"","background-image":"","background-repeat":"repeat","background-position":"center center","background-size":"auto","background-attachment":"scroll","background-type":"","background-media":"","overlay-type":"","overlay-color":"","overlay-opacity":"","overlay-gradient":""},"mobile":{"background-color":"","background-image":"","background-repeat":"repeat","background-position":"center center","background-size":"auto","background-attachment":"scroll","background-type":"","background-media":"","overlay-type":"","overlay-color":"","overlay-opacity":"","overlay-gradient":""}},"ast-content-background-meta":{"desktop":{"background-color":"var(--ast-global-color-5)","background-image":"","background-repeat":"repeat","background-position":"center center","background-size":"auto","background-attachment":"scroll","background-type":"","background-media":"","overlay-type":"","overlay-color":"","overlay-opacity":"","overlay-gradient":""},"tablet":{"background-color":"var(--ast-global-color-5)","background-image":"","background-repeat":"repeat","background-position":"center center","background-size":"auto","background-attachment":"scroll","background-type":"","background-media":"","overlay-type":"","overlay-color":"","overlay-opacity":"","overlay-gradient":""},"mobile":{"background-color":"var(--ast-global-color-5)","background-image":"","background-repeat":"repeat","background-position":"center center","background-size":"auto","background-attachment":"scroll","background-type":"","background-media":"","overlay-type":"","overlay-color":"","overlay-opacity":"","overlay-gradient":""}},"pgc_sgb_lightbox_settings":"","footnotes":""},"class_list":["post-15","page","type-page","status-publish","hentry"],"yoast_head":"<!-- This site is optimized with the Yoast SEO plugin v27.5 - https:\/\/yoast.com\/product\/yoast-seo-wordpress\/ -->\n<title>Accueil - Be Country Line Dancers<\/title>\n<meta name=\"description\" content=\"Cours de danse country, de line dance et cours de Zumba en Hainaut, Belgique. Actualit\u00e9 des comp\u00e9titions de danse.\" \/>\n<meta name=\"robots\" content=\"index, follow, max-snippet:-1, max-image-preview:large, max-video-preview:-1\" \/>\n<link rel=\"canonical\" href=\"https:\/\/becountry.be\/\" \/>\n<meta property=\"og:locale\" content=\"fr_FR\" \/>\n<meta property=\"og:type\" content=\"article\" \/>\n<meta property=\"og:title\" content=\"Accueil - Be Country Line Dancers\" \/>\n<meta property=\"og:description\" content=\"Cours de danse country, de line dance et cours de Zumba en Hainaut, Belgique. Actualit\u00e9 des comp\u00e9titions de danse.\" \/>\n<meta property=\"og:url\" content=\"https:\/\/becountry.be\/\" \/>\n<meta property=\"og:site_name\" content=\"Be Country Line Dancers\" \/>\n<meta property=\"article:modified_time\" content=\"2025-09-25T11:05:12+00:00\" \/>\n<meta property=\"og:image\" content=\"https:\/\/becountry.be\/wp-content\/uploads\/2022\/01\/P1040879.jpg\" \/>\n<meta name=\"twitter:card\" content=\"summary_large_image\" \/>\n<meta name=\"twitter:label1\" content=\"Dur\u00e9e de lecture estim\u00e9e\" \/>\n\t<meta name=\"twitter:data1\" content=\"3 minutes\" \/>\n<script type=\"application\/ld+json\" class=\"yoast-schema-graph\">{\"@context\":\"https:\\\/\\\/schema.org\",\"@graph\":[{\"@type\":\"WebPage\",\"@id\":\"https:\\\/\\\/becountry.be\\\/\",\"url\":\"https:\\\/\\\/becountry.be\\\/\",\"name\":\"Accueil - Be Country Line Dancers\",\"isPartOf\":{\"@id\":\"https:\\\/\\\/becountry.be\\\/#website\"},\"primaryImageOfPage\":{\"@id\":\"https:\\\/\\\/becountry.be\\\/#primaryimage\"},\"image\":{\"@id\":\"https:\\\/\\\/becountry.be\\\/#primaryimage\"},\"thumbnailUrl\":\"https:\\\/\\\/becountry.be\\\/wp-content\\\/uploads\\\/2022\\\/01\\\/P1040879.jpg\",\"datePublished\":\"2022-01-05T14:07:27+00:00\",\"dateModified\":\"2025-09-25T11:05:12+00:00\",\"description\":\"Cours de danse country, de line dance et cours de Zumba en Hainaut, Belgique. Actualit\u00e9 des comp\u00e9titions de danse.\",\"breadcrumb\":{\"@id\":\"https:\\\/\\\/becountry.be\\\/#breadcrumb\"},\"inLanguage\":\"fr-FR\",\"potentialAction\":[{\"@type\":\"ReadAction\",\"target\":[\"https:\\\/\\\/becountry.be\\\/\"]}]},{\"@type\":\"ImageObject\",\"inLanguage\":\"fr-FR\",\"@id\":\"https:\\\/\\\/becountry.be\\\/#primaryimage\",\"url\":\"https:\\\/\\\/becountry.be\\\/wp-content\\\/uploads\\\/2022\\\/01\\\/P1040879.jpg\",\"contentUrl\":\"https:\\\/\\\/becountry.be\\\/wp-content\\\/uploads\\\/2022\\\/01\\\/P1040879.jpg\",\"width\":1632,\"height\":1224},{\"@type\":\"BreadcrumbList\",\"@id\":\"https:\\\/\\\/becountry.be\\\/#breadcrumb\",\"itemListElement\":[{\"@type\":\"ListItem\",\"position\":1,\"name\":\"Accueil\",\"item\":\"https:\\\/\\\/becountry.be\\\/\"},{\"@type\":\"ListItem\",\"position\":2,\"name\":\"Accueil\"}]},{\"@type\":\"WebSite\",\"@id\":\"https:\\\/\\\/becountry.be\\\/#website\",\"url\":\"https:\\\/\\\/becountry.be\\\/\",\"name\":\"Be Country Line Dancers\",\"description\":\"Cours de danse country - Belgique\",\"publisher\":{\"@id\":\"https:\\\/\\\/becountry.be\\\/#organization\"},\"potentialAction\":[{\"@type\":\"SearchAction\",\"target\":{\"@type\":\"EntryPoint\",\"urlTemplate\":\"https:\\\/\\\/becountry.be\\\/?s={search_term_string}\"},\"query-input\":{\"@type\":\"PropertyValueSpecification\",\"valueRequired\":true,\"valueName\":\"search_term_string\"}}],\"inLanguage\":\"fr-FR\"},{\"@type\":\"Organization\",\"@id\":\"https:\\\/\\\/becountry.be\\\/#organization\",\"name\":\"Be Country Line Dancers\",\"url\":\"https:\\\/\\\/becountry.be\\\/\",\"logo\":{\"@type\":\"ImageObject\",\"inLanguage\":\"fr-FR\",\"@id\":\"https:\\\/\\\/becountry.be\\\/#\\\/schema\\\/logo\\\/image\\\/\",\"url\":\"https:\\\/\\\/becountry.be\\\/wp-content\\\/uploads\\\/2022\\\/01\\\/TextBeCountryLineDancers4.png\",\"contentUrl\":\"https:\\\/\\\/becountry.be\\\/wp-content\\\/uploads\\\/2022\\\/01\\\/TextBeCountryLineDancers4.png\",\"width\":493,\"height\":86,\"caption\":\"Be Country Line Dancers\"},\"image\":{\"@id\":\"https:\\\/\\\/becountry.be\\\/#\\\/schema\\\/logo\\\/image\\\/\"}}]}<\/script>\n<!-- \/ Yoast SEO plugin. -->","yoast_head_json":{"title":"Accueil - Be Country Line Dancers","description":"Cours de danse country, de line dance et cours de Zumba en Hainaut, Belgique. Actualit\u00e9 des comp\u00e9titions de danse.","robots":{"index":"index","follow":"follow","max-snippet":"max-snippet:-1","max-image-preview":"max-image-preview:large","max-video-preview":"max-video-preview:-1"},"canonical":"https:\/\/becountry.be\/","og_locale":"fr_FR","og_type":"article","og_title":"Accueil - Be Country Line Dancers","og_description":"Cours de danse country, de line dance et cours de Zumba en Hainaut, Belgique. Actualit\u00e9 des comp\u00e9titions de danse.","og_url":"https:\/\/becountry.be\/","og_site_name":"Be Country Line Dancers","article_modified_time":"2025-09-25T11:05:12+00:00","og_image":[{"url":"https:\/\/becountry.be\/wp-content\/uploads\/2022\/01\/P1040879.jpg","type":"","width":"","height":""}],"twitter_card":"summary_large_image","twitter_misc":{"Dur\u00e9e de lecture estim\u00e9e":"3 minutes"},"schema":{"@context":"https:\/\/schema.org","@graph":[{"@type":"WebPage","@id":"https:\/\/becountry.be\/","url":"https:\/\/becountry.be\/","name":"Accueil - Be Country Line Dancers","isPartOf":{"@id":"https:\/\/becountry.be\/#website"},"primaryImageOfPage":{"@id":"https:\/\/becountry.be\/#primaryimage"},"image":{"@id":"https:\/\/becountry.be\/#primaryimage"},"thumbnailUrl":"https:\/\/becountry.be\/wp-content\/uploads\/2022\/01\/P1040879.jpg","datePublished":"2022-01-05T14:07:27+00:00","dateModified":"2025-09-25T11:05:12+00:00","description":"Cours de danse country, de line dance et cours de Zumba en Hainaut, Belgique. Actualit\u00e9 des comp\u00e9titions de danse.","breadcrumb":{"@id":"https:\/\/becountry.be\/#breadcrumb"},"inLanguage":"fr-FR","potentialAction":[{"@type":"ReadAction","target":["https:\/\/becountry.be\/"]}]},{"@type":"ImageObject","inLanguage":"fr-FR","@id":"https:\/\/becountry.be\/#primaryimage","url":"https:\/\/becountry.be\/wp-content\/uploads\/2022\/01\/P1040879.jpg","contentUrl":"https:\/\/becountry.be\/wp-content\/uploads\/2022\/01\/P1040879.jpg","width":1632,"height":1224},{"@type":"BreadcrumbList","@id":"https:\/\/becountry.be\/#breadcrumb","itemListElement":[{"@type":"ListItem","position":1,"name":"Accueil","item":"https:\/\/becountry.be\/"},{"@type":"ListItem","position":2,"name":"Accueil"}]},{"@type":"WebSite","@id":"https:\/\/becountry.be\/#website","url":"https:\/\/becountry.be\/","name":"Be Country Line Dancers","description":"Cours de danse country - Belgique","publisher":{"@id":"https:\/\/becountry.be\/#organization"},"potentialAction":[{"@type":"SearchAction","target":{"@type":"EntryPoint","urlTemplate":"https:\/\/becountry.be\/?s={search_term_string}"},"query-input":{"@type":"PropertyValueSpecification","valueRequired":true,"valueName":"search_term_string"}}],"inLanguage":"fr-FR"},{"@type":"Organization","@id":"https:\/\/becountry.be\/#organization","name":"Be Country Line Dancers","url":"https:\/\/becountry.be\/","logo":{"@type":"ImageObject","inLanguage":"fr-FR","@id":"https:\/\/becountry.be\/#\/schema\/logo\/image\/","url":"https:\/\/becountry.be\/wp-content\/uploads\/2022\/01\/TextBeCountryLineDancers4.png","contentUrl":"https:\/\/becountry.be\/wp-content\/uploads\/2022\/01\/TextBeCountryLineDancers4.png","width":493,"height":86,"caption":"Be Country Line Dancers"},"image":{"@id":"https:\/\/becountry.be\/#\/schema\/logo\/image\/"}}]}},"_links":{"self":[{"href":"https:\/\/becountry.be\/index.php?rest_route=\/wp\/v2\/pages\/15","targetHints":{"allow":["GET"]}}],"collection":[{"href":"https:\/\/becountry.be\/index.php?rest_route=\/wp\/v2\/pages"}],"about":[{"href":"https:\/\/becountry.be\/index.php?rest_route=\/wp\/v2\/types\/page"}],"author":[{"embeddable":true,"href":"https:\/\/becountry.be\/index.php?rest_route=\/wp\/v2\/users\/1"}],"replies":[{"embeddable":true,"href":"https:\/\/becountry.be\/index.php?rest_route=%2Fwp%2Fv2%2Fcomments&post=15"}],"version-history":[{"count":67,"href":"https:\/\/becountry.be\/index.php?rest_route=\/wp\/v2\/pages\/15\/revisions"}],"predecessor-version":[{"id":2172,"href":"https:\/\/becountry.be\/index.php?rest_route=\/wp\/v2\/pages\/15\/revisions\/2172"}],"wp:attachment":[{"href":"https:\/\/becountry.be\/index.php?rest_route=%2Fwp%2Fv2%2Fmedia&parent=15"}],"curies":[{"name":"wp","href":"https:\/\/api.w.org\/{rel}","templated":true}]}}