{"id":1971,"date":"2022-01-08T16:07:54","date_gmt":"2022-01-08T15:07:54","guid":{"rendered":"https:\/\/becountry.be\/?page_id=1971"},"modified":"2022-10-10T07:05:25","modified_gmt":"2022-10-10T05:05:25","slug":"videos","status":"publish","type":"page","link":"https:\/\/becountry.be\/?page_id=1971","title":{"rendered":"Vid\u00e9os"},"content":{"rendered":"\n<h1>\n\t\tVid\u00e9os\n\t<\/h1>\n\t<h4><strong>Retrouvez plus de vid\u00e9os sur la cha\u00eene\u00a0<\/strong><\/h4>\n\t<h4><strong><a href=\"https:\/\/www.youtube.com\/user\/becountrydancer\/videos\" target=\"_blank\" rel=\"noopener\">YouTube<\/a><\/strong><\/h4>\n\t<iframe loading=\"lazy\" width=\"560\" height=\"315\" src=\"https:\/\/www.youtube.com\/embed\/qy6ZhGex694\" title=\"YouTube video player\" frameborder=\"0\" allow=\"accelerometer; autoplay; clipboard-write; encrypted-media; gyroscope; picture-in-picture\" allowfullscreen><\/iframe>\n<h2>\n\t\tJe T&rsquo;aime, etc &#8211; Danser c&rsquo;est muscler son cerveau\n\t<\/h2>\n\t<p>Emission de France 2<\/p>\n\t<iframe loading=\"lazy\" width=\"560\" height=\"355\" src=\"https:\/\/www.youtube.com\/embed\/j2u2_aifvkA\" title=\"YouTube video player\" frameborder=\"0\" allow=\"accelerometer; autoplay; clipboard-write; encrypted-media; gyroscope; picture-in-picture\" allowfullscreen><\/iframe>\n<h2>\n\t\tAuver&rsquo;Dance Festival\n\t<\/h2>\n\t<p>Courpierre, France &#8211; 2019<\/p>\n<h2>\n\t\tDemo Country\n\t<\/h2>\n\t<p>Mons, Belgique &#8211; 5 mai 2018<\/p>\n\t<iframe loading=\"lazy\" title=\"vimeo-player\" src=\"https:\/\/player.vimeo.com\/video\/271499224?h=8f2ded78c5\" width=\"640\" height=\"359\" frameborder=\"0\" allowfullscreen><\/iframe>\n\t<iframe loading=\"lazy\" title=\"vimeo-player\" src=\"https:\/\/player.vimeo.com\/video\/223102565?h=9c7671922a\" width=\"640\" height=\"480\" frameborder=\"0\" allowfullscreen><\/iframe>\n<h2>\n\t\tChampionnat d&rsquo;Europe\n\t<\/h2>\n\tDivision Pro-Am<br \/>\nEgmond aan Zee, Pays Bas &#8211; 2017\n<h2>\n\t\tChampionnat d&rsquo;Europe\n\t<\/h2>\n\tDivision Line Dance Diamond Advanced<br \/>\nEgmond aan Zee, Pays Bas &#8211; 2017\n\t<iframe loading=\"lazy\" title=\"vimeo-player\" src=\"https:\/\/player.vimeo.com\/video\/223103581?h=e8589f9e47\" width=\"640\" height=\"480\" frameborder=\"0\" allowfullscreen><\/iframe>\n\t<iframe loading=\"lazy\" title=\"vimeo-player\" src=\"https:\/\/player.vimeo.com\/video\/197438325?h=ef528ca86a\" width=\"640\" height=\"480\" frameborder=\"0\" allowfullscreen><\/iframe>\n<h2>\n\t\tMix Championnat Hollande et Belgique\n\t<\/h2>\n\t<p>Sittard et Lommel &#8211; 2016<\/p>\n<h2>\n\t\tChampionnat de Belgique\n\t<\/h2>\n\tShowcase Diamond<br \/>\nLommel, Belgique &#8211; 2016\n\t<iframe loading=\"lazy\" title=\"vimeo-player\" src=\"https:\/\/player.vimeo.com\/video\/196398544?h=53e820df2c\" width=\"640\" height=\"480\" frameborder=\"0\" allowfullscreen><\/iframe>\n\t<iframe loading=\"lazy\" title=\"vimeo-player\" src=\"https:\/\/player.vimeo.com\/video\/179633793?h=52ced2dfef\" width=\"640\" height=\"359\" frameborder=\"0\" allowfullscreen><\/iframe>\n<h2>\n\t\tSummer Classic\n\t<\/h2>\n\tKalkar, Allemagne &#8211; 31 juillet 2016<br \/>\nJoyeux Anniversaire \u00e0 Martine\n<h2>\n\t\tBenelux Open\n\t<\/h2>\n\tModern Ace &amp; Smooth Advanced<br \/>\nMol, Belgique &#8211; Avril 2016\n\t<iframe loading=\"lazy\" width=\"560\" height=\"315\" src=\"https:\/\/www.youtube.com\/embed\/Ew8WusRwgmQ\" title=\"YouTube video player\" frameborder=\"0\" allow=\"accelerometer; autoplay; clipboard-write; encrypted-media; gyroscope; picture-in-picture\" allowfullscreen><\/iframe>\n\t<iframe loading=\"lazy\" width=\"560\" height=\"315\" src=\"https:\/\/www.youtube.com\/embed\/BnvZdozQVDc\" title=\"YouTube video player\" frameborder=\"0\" allow=\"accelerometer; autoplay; clipboard-write; encrypted-media; gyroscope; picture-in-picture\" allowfullscreen><\/iframe>\n<h2>\n\t\tChampionnat du Monde\n\t<\/h2>\n\tDiamond Advanced<br \/>\nKalkar, Allemagne &#8211; Janvier 2014\n<h2>\n\t\tFrench Open Dance\n\t<\/h2>\n\tLine Modern et Diamond Advanced<br \/>\nMarignane, France &#8211; 6 mai 2014\n\t<iframe loading=\"lazy\" width=\"560\" height=\"315\" src=\"https:\/\/www.youtube.com\/embed\/CxmBq2erPu8\" title=\"YouTube video player\" frameborder=\"0\" allow=\"accelerometer; autoplay; clipboard-write; encrypted-media; gyroscope; picture-in-picture\" allowfullscreen><\/iframe>\n\t<iframe loading=\"lazy\" width=\"560\" height=\"315\" src=\"https:\/\/www.youtube.com\/embed\/siBFgwnAx2s\" title=\"YouTube video player\" frameborder=\"0\" allow=\"accelerometer; autoplay; clipboard-write; encrypted-media; gyroscope; picture-in-picture\" allowfullscreen><\/iframe>\n<h2>\n\t\tChampionnat du Monde\n\t<\/h2>\n\tDiamond Advanced<br \/>\nKalkar, Allemagne &#8211; Janvier 2013\n<h2>\n\t\tChampionnat du Monde\n\t<\/h2>\n\tDiamond Intermediate<br \/>\nKalkar, Allemagne &#8211; Janvier 2012\n\t<iframe loading=\"lazy\" width=\"560\" height=\"315\" src=\"https:\/\/www.youtube.com\/embed\/gjTeVP7akNo\" title=\"YouTube video player\" frameborder=\"0\" allow=\"accelerometer; autoplay; clipboard-write; encrypted-media; gyroscope; picture-in-picture\" allowfullscreen><\/iframe>\n\t<iframe loading=\"lazy\" width=\"560\" height=\"315\" src=\"https:\/\/www.youtube.com\/embed\/qPQkHlqSU6E\" title=\"YouTube video player\" frameborder=\"0\" allow=\"accelerometer; autoplay; clipboard-write; encrypted-media; gyroscope; picture-in-picture\" allowfullscreen><\/iframe>\n<h2>\n\t\tShania Twain show\n\t<\/h2>\n\t<p>Mol, Belgique &#8211; D\u00e9cembre 2007<\/p>\n\n","protected":false},"excerpt":{"rendered":"<p>Vid\u00e9os Retrouvez plus de vid\u00e9os sur la cha\u00eene\u00a0 YouTube Je T&rsquo;aime, etc &#8211; Danser c&rsquo;est muscler son cerveau Emission de France 2 Auver&rsquo;Dance Festival Courpierre, France &#8211; 2019 Demo Country Mons, Belgique &#8211; 5 mai 2018 Championnat d&rsquo;Europe Division Pro-Am Egmond aan Zee, Pays Bas &#8211; 2017 Championnat d&rsquo;Europe Division Line Dance Diamond Advanced Egmond [&hellip;]<\/p>\n","protected":false},"author":1,"featured_media":0,"parent":0,"menu_order":0,"comment_status":"closed","ping_status":"closed","template":"","meta":{"site-sidebar-layout":"no-sidebar","site-content-layout":"page-builder","ast-site-content-layout":"default","site-content-style":"default","site-sidebar-style":"default","ast-global-header-display":"","ast-banner-title-visibility":"","ast-main-header-display":"","ast-hfb-above-header-display":"","ast-hfb-below-header-display":"","ast-hfb-mobile-header-display":"","site-post-title":"disabled","ast-breadcrumbs-content":"","ast-featured-img":"disabled","footer-sml-layout":"","ast-disable-related-posts":"","theme-transparent-header-meta":"","adv-header-id-meta":"","stick-header-meta":"","header-above-stick-meta":"","header-main-stick-meta":"","header-below-stick-meta":"","astra-migrate-meta-layouts":"default","ast-page-background-enabled":"default","ast-page-background-meta":{"desktop":{"background-color":"","background-image":"","background-repeat":"repeat","background-position":"center center","background-size":"auto","background-attachment":"scroll","background-type":"","background-media":"","overlay-type":"","overlay-color":"","overlay-opacity":"","overlay-gradient":""},"tablet":{"background-color":"","background-image":"","background-repeat":"repeat","background-position":"center center","background-size":"auto","background-attachment":"scroll","background-type":"","background-media":"","overlay-type":"","overlay-color":"","overlay-opacity":"","overlay-gradient":""},"mobile":{"background-color":"","background-image":"","background-repeat":"repeat","background-position":"center center","background-size":"auto","background-attachment":"scroll","background-type":"","background-media":"","overlay-type":"","overlay-color":"","overlay-opacity":"","overlay-gradient":""}},"ast-content-background-meta":{"desktop":{"background-color":"var(--ast-global-color-5)","background-image":"","background-repeat":"repeat","background-position":"center center","background-size":"auto","background-attachment":"scroll","background-type":"","background-media":"","overlay-type":"","overlay-color":"","overlay-opacity":"","overlay-gradient":""},"tablet":{"background-color":"var(--ast-global-color-5)","background-image":"","background-repeat":"repeat","background-position":"center center","background-size":"auto","background-attachment":"scroll","background-type":"","background-media":"","overlay-type":"","overlay-color":"","overlay-opacity":"","overlay-gradient":""},"mobile":{"background-color":"var(--ast-global-color-5)","background-image":"","background-repeat":"repeat","background-position":"center center","background-size":"auto","background-attachment":"scroll","background-type":"","background-media":"","overlay-type":"","overlay-color":"","overlay-opacity":"","overlay-gradient":""}},"pgc_sgb_lightbox_settings":"","footnotes":""},"class_list":["post-1971","page","type-page","status-publish","hentry"],"yoast_head":"<!-- This site is optimized with the Yoast SEO plugin v27.5 - https:\/\/yoast.com\/product\/yoast-seo-wordpress\/ -->\n<title>Vid\u00e9os - Be Country Line Dancers<\/title>\n<meta name=\"robots\" content=\"index, follow, max-snippet:-1, max-image-preview:large, max-video-preview:-1\" \/>\n<link rel=\"canonical\" href=\"https:\/\/becountry.be\/?page_id=1971\" \/>\n<meta property=\"og:locale\" content=\"fr_FR\" \/>\n<meta property=\"og:type\" content=\"article\" \/>\n<meta property=\"og:title\" content=\"Vid\u00e9os - Be Country Line Dancers\" \/>\n<meta property=\"og:description\" content=\"Vid\u00e9os Retrouvez plus de vid\u00e9os sur la cha\u00eene\u00a0 YouTube Je T&rsquo;aime, etc &#8211; Danser c&rsquo;est muscler son cerveau Emission de France 2 Auver&rsquo;Dance Festival Courpierre, France &#8211; 2019 Demo Country Mons, Belgique &#8211; 5 mai 2018 Championnat d&rsquo;Europe Division Pro-Am Egmond aan Zee, Pays Bas &#8211; 2017 Championnat d&rsquo;Europe Division Line Dance Diamond Advanced Egmond [&hellip;]\" \/>\n<meta property=\"og:url\" content=\"https:\/\/becountry.be\/?page_id=1971\" \/>\n<meta property=\"og:site_name\" content=\"Be Country Line Dancers\" \/>\n<meta property=\"article:modified_time\" content=\"2022-10-10T05:05:25+00:00\" \/>\n<meta name=\"twitter:card\" content=\"summary_large_image\" \/>\n<meta name=\"twitter:label1\" content=\"Dur\u00e9e de lecture estim\u00e9e\" \/>\n\t<meta name=\"twitter:data1\" content=\"1 minute\" \/>\n<script type=\"application\/ld+json\" class=\"yoast-schema-graph\">{\"@context\":\"https:\\\/\\\/schema.org\",\"@graph\":[{\"@type\":\"WebPage\",\"@id\":\"https:\\\/\\\/becountry.be\\\/?page_id=1971\",\"url\":\"https:\\\/\\\/becountry.be\\\/?page_id=1971\",\"name\":\"Vid\u00e9os - Be Country Line Dancers\",\"isPartOf\":{\"@id\":\"https:\\\/\\\/becountry.be\\\/#website\"},\"datePublished\":\"2022-01-08T15:07:54+00:00\",\"dateModified\":\"2022-10-10T05:05:25+00:00\",\"breadcrumb\":{\"@id\":\"https:\\\/\\\/becountry.be\\\/?page_id=1971#breadcrumb\"},\"inLanguage\":\"fr-FR\",\"potentialAction\":[{\"@type\":\"ReadAction\",\"target\":[\"https:\\\/\\\/becountry.be\\\/?page_id=1971\"]}]},{\"@type\":\"BreadcrumbList\",\"@id\":\"https:\\\/\\\/becountry.be\\\/?page_id=1971#breadcrumb\",\"itemListElement\":[{\"@type\":\"ListItem\",\"position\":1,\"name\":\"Accueil\",\"item\":\"https:\\\/\\\/becountry.be\\\/\"},{\"@type\":\"ListItem\",\"position\":2,\"name\":\"Vid\u00e9os\"}]},{\"@type\":\"WebSite\",\"@id\":\"https:\\\/\\\/becountry.be\\\/#website\",\"url\":\"https:\\\/\\\/becountry.be\\\/\",\"name\":\"Be Country Line Dancers\",\"description\":\"Cours de danse country - Belgique\",\"publisher\":{\"@id\":\"https:\\\/\\\/becountry.be\\\/#organization\"},\"potentialAction\":[{\"@type\":\"SearchAction\",\"target\":{\"@type\":\"EntryPoint\",\"urlTemplate\":\"https:\\\/\\\/becountry.be\\\/?s={search_term_string}\"},\"query-input\":{\"@type\":\"PropertyValueSpecification\",\"valueRequired\":true,\"valueName\":\"search_term_string\"}}],\"inLanguage\":\"fr-FR\"},{\"@type\":\"Organization\",\"@id\":\"https:\\\/\\\/becountry.be\\\/#organization\",\"name\":\"Be Country Line Dancers\",\"url\":\"https:\\\/\\\/becountry.be\\\/\",\"logo\":{\"@type\":\"ImageObject\",\"inLanguage\":\"fr-FR\",\"@id\":\"https:\\\/\\\/becountry.be\\\/#\\\/schema\\\/logo\\\/image\\\/\",\"url\":\"https:\\\/\\\/becountry.be\\\/wp-content\\\/uploads\\\/2022\\\/01\\\/TextBeCountryLineDancers4.png\",\"contentUrl\":\"https:\\\/\\\/becountry.be\\\/wp-content\\\/uploads\\\/2022\\\/01\\\/TextBeCountryLineDancers4.png\",\"width\":493,\"height\":86,\"caption\":\"Be Country Line Dancers\"},\"image\":{\"@id\":\"https:\\\/\\\/becountry.be\\\/#\\\/schema\\\/logo\\\/image\\\/\"}}]}<\/script>\n<!-- \/ Yoast SEO plugin. -->","yoast_head_json":{"title":"Vid\u00e9os - Be Country Line Dancers","robots":{"index":"index","follow":"follow","max-snippet":"max-snippet:-1","max-image-preview":"max-image-preview:large","max-video-preview":"max-video-preview:-1"},"canonical":"https:\/\/becountry.be\/?page_id=1971","og_locale":"fr_FR","og_type":"article","og_title":"Vid\u00e9os - Be Country Line Dancers","og_description":"Vid\u00e9os Retrouvez plus de vid\u00e9os sur la cha\u00eene\u00a0 YouTube Je T&rsquo;aime, etc &#8211; Danser c&rsquo;est muscler son cerveau Emission de France 2 Auver&rsquo;Dance Festival Courpierre, France &#8211; 2019 Demo Country Mons, Belgique &#8211; 5 mai 2018 Championnat d&rsquo;Europe Division Pro-Am Egmond aan Zee, Pays Bas &#8211; 2017 Championnat d&rsquo;Europe Division Line Dance Diamond Advanced Egmond [&hellip;]","og_url":"https:\/\/becountry.be\/?page_id=1971","og_site_name":"Be Country Line Dancers","article_modified_time":"2022-10-10T05:05:25+00:00","twitter_card":"summary_large_image","twitter_misc":{"Dur\u00e9e de lecture estim\u00e9e":"1 minute"},"schema":{"@context":"https:\/\/schema.org","@graph":[{"@type":"WebPage","@id":"https:\/\/becountry.be\/?page_id=1971","url":"https:\/\/becountry.be\/?page_id=1971","name":"Vid\u00e9os - Be Country Line Dancers","isPartOf":{"@id":"https:\/\/becountry.be\/#website"},"datePublished":"2022-01-08T15:07:54+00:00","dateModified":"2022-10-10T05:05:25+00:00","breadcrumb":{"@id":"https:\/\/becountry.be\/?page_id=1971#breadcrumb"},"inLanguage":"fr-FR","potentialAction":[{"@type":"ReadAction","target":["https:\/\/becountry.be\/?page_id=1971"]}]},{"@type":"BreadcrumbList","@id":"https:\/\/becountry.be\/?page_id=1971#breadcrumb","itemListElement":[{"@type":"ListItem","position":1,"name":"Accueil","item":"https:\/\/becountry.be\/"},{"@type":"ListItem","position":2,"name":"Vid\u00e9os"}]},{"@type":"WebSite","@id":"https:\/\/becountry.be\/#website","url":"https:\/\/becountry.be\/","name":"Be Country Line Dancers","description":"Cours de danse country - Belgique","publisher":{"@id":"https:\/\/becountry.be\/#organization"},"potentialAction":[{"@type":"SearchAction","target":{"@type":"EntryPoint","urlTemplate":"https:\/\/becountry.be\/?s={search_term_string}"},"query-input":{"@type":"PropertyValueSpecification","valueRequired":true,"valueName":"search_term_string"}}],"inLanguage":"fr-FR"},{"@type":"Organization","@id":"https:\/\/becountry.be\/#organization","name":"Be Country Line Dancers","url":"https:\/\/becountry.be\/","logo":{"@type":"ImageObject","inLanguage":"fr-FR","@id":"https:\/\/becountry.be\/#\/schema\/logo\/image\/","url":"https:\/\/becountry.be\/wp-content\/uploads\/2022\/01\/TextBeCountryLineDancers4.png","contentUrl":"https:\/\/becountry.be\/wp-content\/uploads\/2022\/01\/TextBeCountryLineDancers4.png","width":493,"height":86,"caption":"Be Country Line Dancers"},"image":{"@id":"https:\/\/becountry.be\/#\/schema\/logo\/image\/"}}]}},"_links":{"self":[{"href":"https:\/\/becountry.be\/index.php?rest_route=\/wp\/v2\/pages\/1971","targetHints":{"allow":["GET"]}}],"collection":[{"href":"https:\/\/becountry.be\/index.php?rest_route=\/wp\/v2\/pages"}],"about":[{"href":"https:\/\/becountry.be\/index.php?rest_route=\/wp\/v2\/types\/page"}],"author":[{"embeddable":true,"href":"https:\/\/becountry.be\/index.php?rest_route=\/wp\/v2\/users\/1"}],"replies":[{"embeddable":true,"href":"https:\/\/becountry.be\/index.php?rest_route=%2Fwp%2Fv2%2Fcomments&post=1971"}],"version-history":[{"count":10,"href":"https:\/\/becountry.be\/index.php?rest_route=\/wp\/v2\/pages\/1971\/revisions"}],"predecessor-version":[{"id":2132,"href":"https:\/\/becountry.be\/index.php?rest_route=\/wp\/v2\/pages\/1971\/revisions\/2132"}],"wp:attachment":[{"href":"https:\/\/becountry.be\/index.php?rest_route=%2Fwp%2Fv2%2Fmedia&parent=1971"}],"curies":[{"name":"wp","href":"https:\/\/api.w.org\/{rel}","templated":true}]}}