{"id":1985,"date":"2022-01-25T12:45:05","date_gmt":"2022-01-25T11:45:05","guid":{"rendered":"https:\/\/becountry.be\/?page_id=1985"},"modified":"2022-01-25T14:50:54","modified_gmt":"2022-01-25T13:50:54","slug":"zumba","status":"publish","type":"page","link":"https:\/\/becountry.be\/?page_id=1985","title":{"rendered":"Zumba"},"content":{"rendered":"\n<h1>\n\t\tBe ZUMBA\u00ae with Martine\n\t<\/h1>\n\t<h3>Qu&rsquo;est-ce que la Zumba\u00ae ?<\/h3>\n<p>La Zumba\u00ae, cr\u00e9\u00e9e par Beto Perez originaire de Colombie, est un m\u00e9lange de plusieurs danses latines (salsa, merengue, reggaeton&#8230;) avec des mouvements dynamiques de fitness.<\/p>\n<p>Tous les muscles du corps sont sollicit\u00e9s. Vous apprendrez \u00e9galement \u00e0 d\u00e9velopper votre \u00e9quilibre et \u00e0 coordonner vos mouvements.<\/p>\n<p>La Zumba\u00ae est aussi un cours de cardio, c&rsquo;est-\u00e0-dire qu&rsquo;elle permet de travailler son rythme cardiaque. Une heure de cours \u00e9quivaut \u00e0 environ 500 \u00e0 600 calories perdues !<\/p>\n\t\t\t\t<img loading=\"lazy\" decoding=\"async\" src=\"https:\/\/becountry.be\/wp-content\/uploads\/2022\/01\/Conference-Zumba-Londres_45.jpg\" alt=\"Conference Zumba Londres_45\" itemprop=\"image\" height=\"1024\" width=\"768\" title=\"Conference Zumba Londres_45\" onerror=\"this.style.display='none'\"  \/>\n<h2>\n\t\tPour qui ?\n\t<\/h2>\n\t<ul>\n<li>Pour celles et ceux qui veulent pratiquer une activit\u00e9 physique rythm\u00e9e et conviviale.<\/li>\n<li>Il n&rsquo;est pas n\u00e9cessaire d&rsquo;\u00eatre un \u00ab pro \u00bb pour participer \u00e0 un cours de Zumba\u00ae.<\/li>\n<li>Le but \u00e9tant de se d\u00e9penser dans la bonne humeur !<\/li>\n<li>En vous amusant, vous vous rel\u00e2cherez \u00e0 la fois physiquement et mentalement.<\/li>\n<li>Voici un\u00a0<a href=\"https:\/\/becountry.be\/images\/Martine\/Article_Zumba.pdf\" target=\"_blank\" rel=\"noopener\">article<\/a> sur les bienfaits de la discipline.<\/li>\n<\/ul>\n<h2>\n\t\tLa tenue\n\t<\/h2>\n\t<ul>\n<li>des v\u00eatements l\u00e9gers et pratiques<\/li>\n<li>une bonne paire de chaussures pour ne pas glisser<\/li>\n<li>une grande bouteille d&rsquo;eau pour s&rsquo;hydrater<\/li>\n<\/ul>\n<h3>\n\t\tBref, la Zumba\u00ae est le meilleur moyen de d\u00e9compresser apr\u00e8s une journ\u00e9e de travail !\n\t<\/h3>\n\t\t\t\t<img loading=\"lazy\" decoding=\"async\" src=\"https:\/\/becountry.be\/wp-content\/uploads\/2022\/01\/Martine_Zumba_big-scaled.gif\" alt=\"Martine_Zumba_big\" itemprop=\"image\" height=\"2560\" width=\"1920\" title=\"Martine_Zumba_big\" onerror=\"this.style.display='none'\"  \/>\n<h2>\n\t\tCertifications\n\t<\/h2>\n\t\t\t\t<a href=\"https:\/\/becountry.be\/images\/Martine\/Zumba_Basic1.jpg\" target=\"_blank\" rel=\"noopener\" itemprop=\"url\">\n\t\t\t\t<img loading=\"lazy\" decoding=\"async\" src=\"https:\/\/becountry.be\/wp-content\/uploads\/2022\/01\/312x300-basic.png\" alt=\"312x300-basic\" itemprop=\"image\" height=\"300\" width=\"312\" title=\"312x300-basic\" onerror=\"this.style.display='none'\"  \/>\n\t\t\t\t<\/a>\n\t\t\t\t<a href=\"https:\/\/becountry.be\/images\/Martine\/Zumba_Basic2.jpg\" target=\"_blank\" rel=\"noopener\" itemprop=\"url\">\n\t\t\t\t<img loading=\"lazy\" decoding=\"async\" src=\"https:\/\/becountry.be\/wp-content\/uploads\/2022\/01\/312x300-basic-2.png\" alt=\"312x300-basic-2\" itemprop=\"image\" height=\"300\" width=\"312\" title=\"312x300-basic-2\" onerror=\"this.style.display='none'\"  \/>\n\t\t\t\t<\/a>\n\t\t\t\t<a href=\"https:\/\/becountry.be\/images\/Martine\/Zumba_Gold.jpg\" target=\"_blank\" rel=\"noopener\" itemprop=\"url\">\n\t\t\t\t<img loading=\"lazy\" decoding=\"async\" src=\"https:\/\/becountry.be\/wp-content\/uploads\/2022\/01\/312x300-gold.png\" alt=\"312x300-gold\" itemprop=\"image\" height=\"300\" width=\"312\" title=\"312x300-gold\" onerror=\"this.style.display='none'\"  \/>\n\t\t\t\t<\/a>\n\t\t\t\t<a href=\"\/images\/Martine\/Zumbatomic.jpg\" target=\"_blank\" rel=\"noopener\" itemprop=\"url\">\n\t\t\t\t<img loading=\"lazy\" decoding=\"async\" src=\"https:\/\/becountry.be\/wp-content\/uploads\/2022\/01\/312x300-zumbatomic.png\" alt=\"312x300-zumbatomic\" itemprop=\"image\" height=\"300\" width=\"312\" title=\"312x300-zumbatomic\" onerror=\"this.style.display='none'\"  \/>\n\t\t\t\t<\/a>\n\t\t\t\t<a href=\"https:\/\/becountry.be\/images\/Martine\/Zumbatoning.jpg\" target=\"_blank\" rel=\"noopener\" itemprop=\"url\">\n\t\t\t\t<img loading=\"lazy\" decoding=\"async\" src=\"https:\/\/becountry.be\/wp-content\/uploads\/2022\/01\/tone_400x400.jpg\" alt=\"tone_400x400\" itemprop=\"image\" height=\"400\" width=\"400\" title=\"tone_400x400\" onerror=\"this.style.display='none'\"  \/>\n\t\t\t\t<\/a>\n\t\t\t\t<a href=\"https:\/\/becountry.be\/images\/Martine\/Zumbatoning.jpg\" target=\"_blank\" rel=\"noopener\" itemprop=\"url\">\n\t\t\t\t<img loading=\"lazy\" decoding=\"async\" src=\"https:\/\/becountry.be\/wp-content\/uploads\/2022\/01\/Gold-Toning.png\" alt=\"Gold Toning\" itemprop=\"image\" height=\"236\" width=\"225\" title=\"Gold Toning\" onerror=\"this.style.display='none'\"  \/>\n\t\t\t\t<\/a>\n\t\t\t\t<a href=\"https:\/\/becountry.be\/wp-content\/uploads\/2022\/01\/Stong.png\" target=\"_self\" itemprop=\"url\" rel=\"noopener\">\n\t\t\t\t<img loading=\"lazy\" decoding=\"async\" src=\"https:\/\/becountry.be\/wp-content\/uploads\/2022\/01\/Stong.png\" alt=\"Stong\" itemprop=\"image\" height=\"192\" width=\"192\" title=\"Stong\" onerror=\"this.style.display='none'\"  \/>\n\t\t\t\t<\/a>\n\t<p><a href=\"https:\/\/becountry.be\/images\/Martine\/Zumba_Basic1.jpg\" target=\"_blank\" rel=\"noopener\">Basic Level 1<\/a><\/p>\n\t<p><a href=\"https:\/\/becountry.be\/images\/Martine\/Zumba_Basic2.jpg\" target=\"_blank\" rel=\"noopener\">Basic Level 2<\/a><\/p>\n\t<p><a href=\"https:\/\/becountry.be\/images\/Martine\/Zumba_Gold.jpg\" target=\"_blank\" rel=\"noopener\">Zumba Gold<\/a><\/p>\n\t<p><a href=\"https:\/\/becountry.be\/images\/Martine\/Zumbatomic.jpg\" target=\"_blank\" rel=\"noopener\">ZumbATomic<\/a><\/p>\n\t<p><a href=\"https:\/\/becountry.be\/images\/Martine\/Zumbatoning.jpg\" target=\"_blank\" rel=\"noopener\">Zumba Toning<\/a><\/p>\n\t<p><a href=\"https:\/\/becountry.be\/images\/Martine\/Zumbatoning.jpg\" target=\"_blank\" rel=\"noopener\">Zumba Gold Toning<\/a><\/p>\n\t<p>Strong by Zumba<\/p>\n\t\t\t\t<img loading=\"lazy\" decoding=\"async\" src=\"https:\/\/becountry.be\/wp-content\/uploads\/2022\/01\/26x21-convention-11.png\" alt=\"26x21-convention-11\" itemprop=\"image\" height=\"21\" width=\"26\" title=\"26x21-convention-11\" onerror=\"this.style.display='none'\"  \/>\n\t<p>Convention 2011<\/p>\n\t\t\t\t<a href=\"https:\/\/www.zumba.com\/fr-FR\" target=\"_blank\" rel=\"noopener\" itemprop=\"url\">\n\t\t\t\t<img loading=\"lazy\" decoding=\"async\" src=\"https:\/\/becountry.be\/wp-content\/uploads\/2022\/01\/Zumba_Fitness_logo.png\" alt=\"Zumba_Fitness_logo\" itemprop=\"image\" height=\"1495\" width=\"5000\" title=\"Zumba_Fitness_logo\" onerror=\"this.style.display='none'\"  \/>\n\t\t\t\t<\/a>\n\t<h4><strong>Cours de Zumba : En raison de la situation actuelle, le cours de Zumba est suspendu.<\/strong><\/h4>\n<p>Au <a href=\"https:\/\/www.cs-bertransart.be\/\" target=\"_blank\" rel=\"noopener\"><strong>Centre Sportif de Bertransart<\/strong><\/a>, 45, route de Philippeville \u00e0 6120 Nalinnes Bultia<\/p>\n\t<iframe src=\"https:\/\/www.google.com\/maps\/embed\/v1\/place?q=Bertransart%2C+Route+de+Philippeville%2C+45+%C3%A0+6120+Nalinnes-Bultia&#038;key=AIzaSyD09zQ9PNDNNy9TadMuzRV_UsPUoWKntt8\" aria-hidden=\"true\"><\/iframe>\n\n","protected":false},"excerpt":{"rendered":"<p>Be ZUMBA\u00ae with Martine Qu&rsquo;est-ce que la Zumba\u00ae ? La Zumba\u00ae, cr\u00e9\u00e9e par Beto Perez originaire de Colombie, est un m\u00e9lange de plusieurs danses latines (salsa, merengue, reggaeton&#8230;) avec des mouvements dynamiques de fitness. Tous les muscles du corps sont sollicit\u00e9s. Vous apprendrez \u00e9galement \u00e0 d\u00e9velopper votre \u00e9quilibre et \u00e0 coordonner vos mouvements. La Zumba\u00ae [&hellip;]<\/p>\n","protected":false},"author":1,"featured_media":0,"parent":0,"menu_order":0,"comment_status":"closed","ping_status":"closed","template":"","meta":{"site-sidebar-layout":"no-sidebar","site-content-layout":"page-builder","ast-site-content-layout":"default","site-content-style":"default","site-sidebar-style":"default","ast-global-header-display":"","ast-banner-title-visibility":"","ast-main-header-display":"","ast-hfb-above-header-display":"","ast-hfb-below-header-display":"","ast-hfb-mobile-header-display":"","site-post-title":"disabled","ast-breadcrumbs-content":"","ast-featured-img":"disabled","footer-sml-layout":"","ast-disable-related-posts":"","theme-transparent-header-meta":"","adv-header-id-meta":"","stick-header-meta":"","header-above-stick-meta":"","header-main-stick-meta":"","header-below-stick-meta":"","astra-migrate-meta-layouts":"default","ast-page-background-enabled":"default","ast-page-background-meta":{"desktop":{"background-color":"","background-image":"","background-repeat":"repeat","background-position":"center center","background-size":"auto","background-attachment":"scroll","background-type":"","background-media":"","overlay-type":"","overlay-color":"","overlay-opacity":"","overlay-gradient":""},"tablet":{"background-color":"","background-image":"","background-repeat":"repeat","background-position":"center center","background-size":"auto","background-attachment":"scroll","background-type":"","background-media":"","overlay-type":"","overlay-color":"","overlay-opacity":"","overlay-gradient":""},"mobile":{"background-color":"","background-image":"","background-repeat":"repeat","background-position":"center center","background-size":"auto","background-attachment":"scroll","background-type":"","background-media":"","overlay-type":"","overlay-color":"","overlay-opacity":"","overlay-gradient":""}},"ast-content-background-meta":{"desktop":{"background-color":"var(--ast-global-color-5)","background-image":"","background-repeat":"repeat","background-position":"center center","background-size":"auto","background-attachment":"scroll","background-type":"","background-media":"","overlay-type":"","overlay-color":"","overlay-opacity":"","overlay-gradient":""},"tablet":{"background-color":"var(--ast-global-color-5)","background-image":"","background-repeat":"repeat","background-position":"center center","background-size":"auto","background-attachment":"scroll","background-type":"","background-media":"","overlay-type":"","overlay-color":"","overlay-opacity":"","overlay-gradient":""},"mobile":{"background-color":"var(--ast-global-color-5)","background-image":"","background-repeat":"repeat","background-position":"center center","background-size":"auto","background-attachment":"scroll","background-type":"","background-media":"","overlay-type":"","overlay-color":"","overlay-opacity":"","overlay-gradient":""}},"pgc_sgb_lightbox_settings":"","footnotes":""},"class_list":["post-1985","page","type-page","status-publish","hentry"],"yoast_head":"<!-- This site is optimized with the Yoast SEO plugin v27.5 - https:\/\/yoast.com\/product\/yoast-seo-wordpress\/ -->\n<title>Zumba - Be Country Line Dancers<\/title>\n<meta name=\"robots\" content=\"index, follow, max-snippet:-1, max-image-preview:large, max-video-preview:-1\" \/>\n<link rel=\"canonical\" href=\"https:\/\/becountry.be\/?page_id=1985\" \/>\n<meta property=\"og:locale\" content=\"fr_FR\" \/>\n<meta property=\"og:type\" content=\"article\" \/>\n<meta property=\"og:title\" content=\"Zumba - Be Country Line Dancers\" \/>\n<meta property=\"og:description\" content=\"Be ZUMBA\u00ae with Martine Qu&rsquo;est-ce que la Zumba\u00ae ? La Zumba\u00ae, cr\u00e9\u00e9e par Beto Perez originaire de Colombie, est un m\u00e9lange de plusieurs danses latines (salsa, merengue, reggaeton&#8230;) avec des mouvements dynamiques de fitness. Tous les muscles du corps sont sollicit\u00e9s. Vous apprendrez \u00e9galement \u00e0 d\u00e9velopper votre \u00e9quilibre et \u00e0 coordonner vos mouvements. La Zumba\u00ae [&hellip;]\" \/>\n<meta property=\"og:url\" content=\"https:\/\/becountry.be\/?page_id=1985\" \/>\n<meta property=\"og:site_name\" content=\"Be Country Line Dancers\" \/>\n<meta property=\"article:modified_time\" content=\"2022-01-25T13:50:54+00:00\" \/>\n<meta property=\"og:image\" content=\"https:\/\/becountry.be\/wp-content\/uploads\/2022\/01\/Conference-Zumba-Londres_45.jpg\" \/>\n<meta name=\"twitter:card\" content=\"summary_large_image\" \/>\n<meta name=\"twitter:label1\" content=\"Dur\u00e9e de lecture estim\u00e9e\" \/>\n\t<meta name=\"twitter:data1\" content=\"1 minute\" \/>\n<script type=\"application\/ld+json\" class=\"yoast-schema-graph\">{\"@context\":\"https:\\\/\\\/schema.org\",\"@graph\":[{\"@type\":\"WebPage\",\"@id\":\"https:\\\/\\\/becountry.be\\\/?page_id=1985\",\"url\":\"https:\\\/\\\/becountry.be\\\/?page_id=1985\",\"name\":\"Zumba - Be Country Line Dancers\",\"isPartOf\":{\"@id\":\"https:\\\/\\\/becountry.be\\\/#website\"},\"primaryImageOfPage\":{\"@id\":\"https:\\\/\\\/becountry.be\\\/?page_id=1985#primaryimage\"},\"image\":{\"@id\":\"https:\\\/\\\/becountry.be\\\/?page_id=1985#primaryimage\"},\"thumbnailUrl\":\"https:\\\/\\\/becountry.be\\\/wp-content\\\/uploads\\\/2022\\\/01\\\/Conference-Zumba-Londres_45.jpg\",\"datePublished\":\"2022-01-25T11:45:05+00:00\",\"dateModified\":\"2022-01-25T13:50:54+00:00\",\"breadcrumb\":{\"@id\":\"https:\\\/\\\/becountry.be\\\/?page_id=1985#breadcrumb\"},\"inLanguage\":\"fr-FR\",\"potentialAction\":[{\"@type\":\"ReadAction\",\"target\":[\"https:\\\/\\\/becountry.be\\\/?page_id=1985\"]}]},{\"@type\":\"ImageObject\",\"inLanguage\":\"fr-FR\",\"@id\":\"https:\\\/\\\/becountry.be\\\/?page_id=1985#primaryimage\",\"url\":\"https:\\\/\\\/becountry.be\\\/wp-content\\\/uploads\\\/2022\\\/01\\\/Conference-Zumba-Londres_45.jpg\",\"contentUrl\":\"https:\\\/\\\/becountry.be\\\/wp-content\\\/uploads\\\/2022\\\/01\\\/Conference-Zumba-Londres_45.jpg\",\"width\":768,\"height\":1024},{\"@type\":\"BreadcrumbList\",\"@id\":\"https:\\\/\\\/becountry.be\\\/?page_id=1985#breadcrumb\",\"itemListElement\":[{\"@type\":\"ListItem\",\"position\":1,\"name\":\"Accueil\",\"item\":\"https:\\\/\\\/becountry.be\\\/\"},{\"@type\":\"ListItem\",\"position\":2,\"name\":\"Zumba\"}]},{\"@type\":\"WebSite\",\"@id\":\"https:\\\/\\\/becountry.be\\\/#website\",\"url\":\"https:\\\/\\\/becountry.be\\\/\",\"name\":\"Be Country Line Dancers\",\"description\":\"Cours de danse country - Belgique\",\"publisher\":{\"@id\":\"https:\\\/\\\/becountry.be\\\/#organization\"},\"potentialAction\":[{\"@type\":\"SearchAction\",\"target\":{\"@type\":\"EntryPoint\",\"urlTemplate\":\"https:\\\/\\\/becountry.be\\\/?s={search_term_string}\"},\"query-input\":{\"@type\":\"PropertyValueSpecification\",\"valueRequired\":true,\"valueName\":\"search_term_string\"}}],\"inLanguage\":\"fr-FR\"},{\"@type\":\"Organization\",\"@id\":\"https:\\\/\\\/becountry.be\\\/#organization\",\"name\":\"Be Country Line Dancers\",\"url\":\"https:\\\/\\\/becountry.be\\\/\",\"logo\":{\"@type\":\"ImageObject\",\"inLanguage\":\"fr-FR\",\"@id\":\"https:\\\/\\\/becountry.be\\\/#\\\/schema\\\/logo\\\/image\\\/\",\"url\":\"https:\\\/\\\/becountry.be\\\/wp-content\\\/uploads\\\/2022\\\/01\\\/TextBeCountryLineDancers4.png\",\"contentUrl\":\"https:\\\/\\\/becountry.be\\\/wp-content\\\/uploads\\\/2022\\\/01\\\/TextBeCountryLineDancers4.png\",\"width\":493,\"height\":86,\"caption\":\"Be Country Line Dancers\"},\"image\":{\"@id\":\"https:\\\/\\\/becountry.be\\\/#\\\/schema\\\/logo\\\/image\\\/\"}}]}<\/script>\n<!-- \/ Yoast SEO plugin. -->","yoast_head_json":{"title":"Zumba - Be Country Line Dancers","robots":{"index":"index","follow":"follow","max-snippet":"max-snippet:-1","max-image-preview":"max-image-preview:large","max-video-preview":"max-video-preview:-1"},"canonical":"https:\/\/becountry.be\/?page_id=1985","og_locale":"fr_FR","og_type":"article","og_title":"Zumba - Be Country Line Dancers","og_description":"Be ZUMBA\u00ae with Martine Qu&rsquo;est-ce que la Zumba\u00ae ? La Zumba\u00ae, cr\u00e9\u00e9e par Beto Perez originaire de Colombie, est un m\u00e9lange de plusieurs danses latines (salsa, merengue, reggaeton&#8230;) avec des mouvements dynamiques de fitness. Tous les muscles du corps sont sollicit\u00e9s. Vous apprendrez \u00e9galement \u00e0 d\u00e9velopper votre \u00e9quilibre et \u00e0 coordonner vos mouvements. La Zumba\u00ae [&hellip;]","og_url":"https:\/\/becountry.be\/?page_id=1985","og_site_name":"Be Country Line Dancers","article_modified_time":"2022-01-25T13:50:54+00:00","og_image":[{"url":"https:\/\/becountry.be\/wp-content\/uploads\/2022\/01\/Conference-Zumba-Londres_45.jpg","type":"","width":"","height":""}],"twitter_card":"summary_large_image","twitter_misc":{"Dur\u00e9e de lecture estim\u00e9e":"1 minute"},"schema":{"@context":"https:\/\/schema.org","@graph":[{"@type":"WebPage","@id":"https:\/\/becountry.be\/?page_id=1985","url":"https:\/\/becountry.be\/?page_id=1985","name":"Zumba - Be Country Line Dancers","isPartOf":{"@id":"https:\/\/becountry.be\/#website"},"primaryImageOfPage":{"@id":"https:\/\/becountry.be\/?page_id=1985#primaryimage"},"image":{"@id":"https:\/\/becountry.be\/?page_id=1985#primaryimage"},"thumbnailUrl":"https:\/\/becountry.be\/wp-content\/uploads\/2022\/01\/Conference-Zumba-Londres_45.jpg","datePublished":"2022-01-25T11:45:05+00:00","dateModified":"2022-01-25T13:50:54+00:00","breadcrumb":{"@id":"https:\/\/becountry.be\/?page_id=1985#breadcrumb"},"inLanguage":"fr-FR","potentialAction":[{"@type":"ReadAction","target":["https:\/\/becountry.be\/?page_id=1985"]}]},{"@type":"ImageObject","inLanguage":"fr-FR","@id":"https:\/\/becountry.be\/?page_id=1985#primaryimage","url":"https:\/\/becountry.be\/wp-content\/uploads\/2022\/01\/Conference-Zumba-Londres_45.jpg","contentUrl":"https:\/\/becountry.be\/wp-content\/uploads\/2022\/01\/Conference-Zumba-Londres_45.jpg","width":768,"height":1024},{"@type":"BreadcrumbList","@id":"https:\/\/becountry.be\/?page_id=1985#breadcrumb","itemListElement":[{"@type":"ListItem","position":1,"name":"Accueil","item":"https:\/\/becountry.be\/"},{"@type":"ListItem","position":2,"name":"Zumba"}]},{"@type":"WebSite","@id":"https:\/\/becountry.be\/#website","url":"https:\/\/becountry.be\/","name":"Be Country Line Dancers","description":"Cours de danse country - Belgique","publisher":{"@id":"https:\/\/becountry.be\/#organization"},"potentialAction":[{"@type":"SearchAction","target":{"@type":"EntryPoint","urlTemplate":"https:\/\/becountry.be\/?s={search_term_string}"},"query-input":{"@type":"PropertyValueSpecification","valueRequired":true,"valueName":"search_term_string"}}],"inLanguage":"fr-FR"},{"@type":"Organization","@id":"https:\/\/becountry.be\/#organization","name":"Be Country Line Dancers","url":"https:\/\/becountry.be\/","logo":{"@type":"ImageObject","inLanguage":"fr-FR","@id":"https:\/\/becountry.be\/#\/schema\/logo\/image\/","url":"https:\/\/becountry.be\/wp-content\/uploads\/2022\/01\/TextBeCountryLineDancers4.png","contentUrl":"https:\/\/becountry.be\/wp-content\/uploads\/2022\/01\/TextBeCountryLineDancers4.png","width":493,"height":86,"caption":"Be Country Line Dancers"},"image":{"@id":"https:\/\/becountry.be\/#\/schema\/logo\/image\/"}}]}},"_links":{"self":[{"href":"https:\/\/becountry.be\/index.php?rest_route=\/wp\/v2\/pages\/1985","targetHints":{"allow":["GET"]}}],"collection":[{"href":"https:\/\/becountry.be\/index.php?rest_route=\/wp\/v2\/pages"}],"about":[{"href":"https:\/\/becountry.be\/index.php?rest_route=\/wp\/v2\/types\/page"}],"author":[{"embeddable":true,"href":"https:\/\/becountry.be\/index.php?rest_route=\/wp\/v2\/users\/1"}],"replies":[{"embeddable":true,"href":"https:\/\/becountry.be\/index.php?rest_route=%2Fwp%2Fv2%2Fcomments&post=1985"}],"version-history":[{"count":13,"href":"https:\/\/becountry.be\/index.php?rest_route=\/wp\/v2\/pages\/1985\/revisions"}],"predecessor-version":[{"id":2041,"href":"https:\/\/becountry.be\/index.php?rest_route=\/wp\/v2\/pages\/1985\/revisions\/2041"}],"wp:attachment":[{"href":"https:\/\/becountry.be\/index.php?rest_route=%2Fwp%2Fv2%2Fmedia&parent=1985"}],"curies":[{"name":"wp","href":"https:\/\/api.w.org\/{rel}","templated":true}]}}