{"id":59,"date":"2022-01-05T22:20:31","date_gmt":"2022-01-05T21:20:31","guid":{"rendered":"https:\/\/becountry.be\/?page_id=59"},"modified":"2022-01-08T10:45:28","modified_gmt":"2022-01-08T09:45:28","slug":"choregraphies","status":"publish","type":"page","link":"https:\/\/becountry.be\/?page_id=59","title":{"rendered":"Choregraphies"},"content":{"rendered":"\n<h1>\n\t\tNos Chor\u00e9graphies\n\t<\/h1>\n\t<iframe loading=\"lazy\" width=\"560\" height=\"355\" src=\"https:\/\/www.youtube.com\/embed\/paH8V2GCnwo\" title=\"YouTube video player\" frameborder=\"0\" allow=\"accelerometer; autoplay; clipboard-write; encrypted-media; gyroscope; picture-in-picture\" allowfullscreen><\/iframe>\n<h2>\n\t\tBy By Polka\n\t<\/h2>\n\t<p>1\u00e8re place au Championnat de Belgique 2010<\/p>\n\t\t\t<a href=\"\/Choregraphies\/By%20By%20Polka.pdf\" target=\"_blank\" role=\"button\" rel=\"noopener\">\n\t\t\t\t\t\t\tStepsheet\n\t\t\t\t\t<\/a>\n<h2>\n\t\tEveryday USA\n\t<\/h2>\n\t\t\t<a href=\"\/Choregraphies\/Everyday_USA_FR.pdf\" target=\"_blank\" role=\"button\" rel=\"noopener\">\n\t\t\t\t\t\t\tStepsheet\n\t\t\t\t\t<\/a>\n\t<iframe loading=\"lazy\" width=\"560\" height=\"355\" src=\"https:\/\/www.youtube.com\/embed\/joqDsnlRuRA\" title=\"YouTube video player\" frameborder=\"0\" allow=\"accelerometer; autoplay; clipboard-write; encrypted-media; gyroscope; picture-in-picture\" allowfullscreen><\/iframe>\n\t<iframe loading=\"lazy\" width=\"560\" height=\"355\" src=\"https:\/\/www.youtube.com\/embed\/SKwYTvu5Qg8\" title=\"YouTube video player\" frameborder=\"0\" allow=\"accelerometer; autoplay; clipboard-write; encrypted-media; gyroscope; picture-in-picture\" allowfullscreen><\/iframe>\n<h2>\n\t\tIn This Life\n\t<\/h2>\n\t\t\t<a href=\"\/Choregraphies\/In_This_Life.pdf\" target=\"_blank\" role=\"button\" rel=\"noopener\">\n\t\t\t\t\t\t\tStepsheet\n\t\t\t\t\t<\/a>\n<h2>\n\t\tLa Fiesta\n\t<\/h2>\n\t<p>1\u00e8re place au Championnat de Belgique 2012<\/p>\n\t\t\t<a href=\"\/Choregraphies\/La%20Fiesta.pdf\" target=\"_blank\" role=\"button\" rel=\"noopener\">\n\t\t\t\t\t\t\tStepsheet\n\t\t\t\t\t<\/a>\n\t<iframe loading=\"lazy\" width=\"560\" height=\"355\" src=\"https:\/\/www.youtube.com\/embed\/l_SjWejKl1M\" title=\"YouTube video player\" frameborder=\"0\" allow=\"accelerometer; autoplay; clipboard-write; encrypted-media; gyroscope; picture-in-picture\" allowfullscreen><\/iframe>\n\t<iframe loading=\"lazy\" width=\"560\" height=\"355\" src=\"https:\/\/www.youtube.com\/embed\/sLAaBjxpBcs\" title=\"YouTube video player\" frameborder=\"0\" allow=\"accelerometer; autoplay; clipboard-write; encrypted-media; gyroscope; picture-in-picture\" allowfullscreen><\/iframe>\n<h2>\n\t\tRise Up\n\t<\/h2>\n\t<p>1\u00e8re place au Championnat de Belgique 2010<\/p>\n\t\t\t<a href=\"\/Choregraphies\/Rise%20Up.pdf\" target=\"_blank\" role=\"button\" rel=\"noopener\">\n\t\t\t\t\t\t\tStepsheet\n\t\t\t\t\t<\/a>\n<h2>\n\t\tRockin&rsquo; Rudolph\n\t<\/h2>\n\t<p>1\u00e8re place au Championnat de Belgique 2005<\/p>\n\t\t\t<a href=\"\/Choregraphies\/ROCKIN%27%20RUDOLPH.pdf\" target=\"_blank\" role=\"button\" rel=\"noopener\">\n\t\t\t\t\t\t\tStepsheet\n\t\t\t\t\t<\/a>\n\t<iframe loading=\"lazy\" width=\"560\" height=\"355\" src=\"https:\/\/www.youtube.com\/embed\/xFITCgWZREA\" title=\"YouTube video player\" frameborder=\"0\" allow=\"accelerometer; autoplay; clipboard-write; encrypted-media; gyroscope; picture-in-picture\" allowfullscreen><\/iframe>\n\t<iframe loading=\"lazy\" width=\"560\" height=\"355\" src=\"https:\/\/www.youtube.com\/embed\/Zv7UL5cFLtA\" title=\"YouTube video player\" frameborder=\"0\" allow=\"accelerometer; autoplay; clipboard-write; encrypted-media; gyroscope; picture-in-picture\" allowfullscreen><\/iframe>\n<h2>\n\t\tWitchdoctor\n\t<\/h2>\n\t\t\t<a href=\"\/Choregraphies\/Witchdoctor.pdf\" target=\"_blank\" role=\"button\" rel=\"noopener\">\n\t\t\t\t\t\t\tStepsheet\n\t\t\t\t\t<\/a>\n<h2>\n\t\tAin&rsquo;t No Quitter\n\t<\/h2>\n\t\t\t<a href=\"\/Choregraphies\/AIN%27T%20NO%20QUITTER.pdf\" target=\"_blank\" role=\"button\" rel=\"noopener\">\n\t\t\t\t\t\t\tStepsheet\n\t\t\t\t\t<\/a>\n<h2>\n\t\tAre You Ready\n\t<\/h2>\n\t\t\t<a href=\"\/Choregraphies\/ARE%20YOU%20READY.pdf\" target=\"_blank\" role=\"button\" rel=\"noopener\">\n\t\t\t\t\t\t\tStepsheet\n\t\t\t\t\t<\/a>\n<h2>\n\t\tBe Loco\n\t<\/h2>\n\t\t\t<a href=\"\/Choregraphies\/BE%20LOCO.pdf\" target=\"_blank\" role=\"button\" rel=\"noopener\">\n\t\t\t\t\t\t\tStepsheet\n\t\t\t\t\t<\/a>\n<h2>\n\t\tEverybody Says\n\t<\/h2>\n\t\t\t<a href=\"\/Choregraphies\/EVERYBODY%20SAYS.pdf\" target=\"_blank\" role=\"button\" rel=\"noopener\">\n\t\t\t\t\t\t\tStepsheet\n\t\t\t\t\t<\/a>\n<h2>\n\t\tOh! Life\n\t<\/h2>\n\t\t\t<a href=\"\/Choregraphies\/OH%20!%20LIFE.pdf\" target=\"_blank\" role=\"button\" rel=\"noopener\">\n\t\t\t\t\t\t\tStepsheet\n\t\t\t\t\t<\/a>\n<h2>\n\t\tQueen Of Hearts\n\t<\/h2>\n\t\t\t<a href=\"\/Choregraphies\/(BE%20MY)%20QUEEN%20OF%20HEARTS.pdf\" target=\"_blank\" role=\"button\" rel=\"noopener\">\n\t\t\t\t\t\t\tStepsheet\n\t\t\t\t\t<\/a>\n\n","protected":false},"excerpt":{"rendered":"<p>Nos Chor\u00e9graphies By By Polka 1\u00e8re place au Championnat de Belgique 2010 Stepsheet Everyday USA Stepsheet In This Life Stepsheet La Fiesta 1\u00e8re place au Championnat de Belgique 2012 Stepsheet Rise Up 1\u00e8re place au Championnat de Belgique 2010 Stepsheet Rockin&rsquo; Rudolph 1\u00e8re place au Championnat de Belgique 2005 Stepsheet Witchdoctor Stepsheet Ain&rsquo;t No Quitter [&hellip;]<\/p>\n","protected":false},"author":1,"featured_media":0,"parent":0,"menu_order":0,"comment_status":"closed","ping_status":"closed","template":"","meta":{"site-sidebar-layout":"no-sidebar","site-content-layout":"page-builder","ast-site-content-layout":"default","site-content-style":"default","site-sidebar-style":"default","ast-global-header-display":"","ast-banner-title-visibility":"","ast-main-header-display":"","ast-hfb-above-header-display":"","ast-hfb-below-header-display":"","ast-hfb-mobile-header-display":"","site-post-title":"disabled","ast-breadcrumbs-content":"","ast-featured-img":"disabled","footer-sml-layout":"","ast-disable-related-posts":"","theme-transparent-header-meta":"","adv-header-id-meta":"","stick-header-meta":"","header-above-stick-meta":"","header-main-stick-meta":"","header-below-stick-meta":"","astra-migrate-meta-layouts":"default","ast-page-background-enabled":"default","ast-page-background-meta":{"desktop":{"background-color":"","background-image":"","background-repeat":"repeat","background-position":"center center","background-size":"auto","background-attachment":"scroll","background-type":"","background-media":"","overlay-type":"","overlay-color":"","overlay-opacity":"","overlay-gradient":""},"tablet":{"background-color":"","background-image":"","background-repeat":"repeat","background-position":"center center","background-size":"auto","background-attachment":"scroll","background-type":"","background-media":"","overlay-type":"","overlay-color":"","overlay-opacity":"","overlay-gradient":""},"mobile":{"background-color":"","background-image":"","background-repeat":"repeat","background-position":"center center","background-size":"auto","background-attachment":"scroll","background-type":"","background-media":"","overlay-type":"","overlay-color":"","overlay-opacity":"","overlay-gradient":""}},"ast-content-background-meta":{"desktop":{"background-color":"var(--ast-global-color-5)","background-image":"","background-repeat":"repeat","background-position":"center center","background-size":"auto","background-attachment":"scroll","background-type":"","background-media":"","overlay-type":"","overlay-color":"","overlay-opacity":"","overlay-gradient":""},"tablet":{"background-color":"var(--ast-global-color-5)","background-image":"","background-repeat":"repeat","background-position":"center center","background-size":"auto","background-attachment":"scroll","background-type":"","background-media":"","overlay-type":"","overlay-color":"","overlay-opacity":"","overlay-gradient":""},"mobile":{"background-color":"var(--ast-global-color-5)","background-image":"","background-repeat":"repeat","background-position":"center center","background-size":"auto","background-attachment":"scroll","background-type":"","background-media":"","overlay-type":"","overlay-color":"","overlay-opacity":"","overlay-gradient":""}},"pgc_sgb_lightbox_settings":"","footnotes":""},"class_list":["post-59","page","type-page","status-publish","hentry"],"yoast_head":"<!-- This site is optimized with the Yoast SEO plugin v27.5 - https:\/\/yoast.com\/product\/yoast-seo-wordpress\/ -->\n<title>Choregraphies - Be Country Line Dancers<\/title>\n<meta name=\"robots\" content=\"index, follow, max-snippet:-1, max-image-preview:large, max-video-preview:-1\" \/>\n<link rel=\"canonical\" href=\"https:\/\/becountry.be\/?page_id=59\" \/>\n<meta property=\"og:locale\" content=\"fr_FR\" \/>\n<meta property=\"og:type\" content=\"article\" \/>\n<meta property=\"og:title\" content=\"Choregraphies - Be Country Line Dancers\" \/>\n<meta property=\"og:description\" content=\"Nos Chor\u00e9graphies By By Polka 1\u00e8re place au Championnat de Belgique 2010 Stepsheet Everyday USA Stepsheet In This Life Stepsheet La Fiesta 1\u00e8re place au Championnat de Belgique 2012 Stepsheet Rise Up 1\u00e8re place au Championnat de Belgique 2010 Stepsheet Rockin&rsquo; Rudolph 1\u00e8re place au Championnat de Belgique 2005 Stepsheet Witchdoctor Stepsheet Ain&rsquo;t No Quitter [&hellip;]\" \/>\n<meta property=\"og:url\" content=\"https:\/\/becountry.be\/?page_id=59\" \/>\n<meta property=\"og:site_name\" content=\"Be Country Line Dancers\" \/>\n<meta property=\"article:modified_time\" content=\"2022-01-08T09:45:28+00:00\" \/>\n<meta name=\"twitter:card\" content=\"summary_large_image\" \/>\n<script type=\"application\/ld+json\" class=\"yoast-schema-graph\">{\"@context\":\"https:\\\/\\\/schema.org\",\"@graph\":[{\"@type\":\"WebPage\",\"@id\":\"https:\\\/\\\/becountry.be\\\/?page_id=59\",\"url\":\"https:\\\/\\\/becountry.be\\\/?page_id=59\",\"name\":\"Choregraphies - Be Country Line Dancers\",\"isPartOf\":{\"@id\":\"https:\\\/\\\/becountry.be\\\/#website\"},\"datePublished\":\"2022-01-05T21:20:31+00:00\",\"dateModified\":\"2022-01-08T09:45:28+00:00\",\"breadcrumb\":{\"@id\":\"https:\\\/\\\/becountry.be\\\/?page_id=59#breadcrumb\"},\"inLanguage\":\"fr-FR\",\"potentialAction\":[{\"@type\":\"ReadAction\",\"target\":[\"https:\\\/\\\/becountry.be\\\/?page_id=59\"]}]},{\"@type\":\"BreadcrumbList\",\"@id\":\"https:\\\/\\\/becountry.be\\\/?page_id=59#breadcrumb\",\"itemListElement\":[{\"@type\":\"ListItem\",\"position\":1,\"name\":\"Accueil\",\"item\":\"https:\\\/\\\/becountry.be\\\/\"},{\"@type\":\"ListItem\",\"position\":2,\"name\":\"Choregraphies\"}]},{\"@type\":\"WebSite\",\"@id\":\"https:\\\/\\\/becountry.be\\\/#website\",\"url\":\"https:\\\/\\\/becountry.be\\\/\",\"name\":\"Be Country Line Dancers\",\"description\":\"Cours de danse country - Belgique\",\"publisher\":{\"@id\":\"https:\\\/\\\/becountry.be\\\/#organization\"},\"potentialAction\":[{\"@type\":\"SearchAction\",\"target\":{\"@type\":\"EntryPoint\",\"urlTemplate\":\"https:\\\/\\\/becountry.be\\\/?s={search_term_string}\"},\"query-input\":{\"@type\":\"PropertyValueSpecification\",\"valueRequired\":true,\"valueName\":\"search_term_string\"}}],\"inLanguage\":\"fr-FR\"},{\"@type\":\"Organization\",\"@id\":\"https:\\\/\\\/becountry.be\\\/#organization\",\"name\":\"Be Country Line Dancers\",\"url\":\"https:\\\/\\\/becountry.be\\\/\",\"logo\":{\"@type\":\"ImageObject\",\"inLanguage\":\"fr-FR\",\"@id\":\"https:\\\/\\\/becountry.be\\\/#\\\/schema\\\/logo\\\/image\\\/\",\"url\":\"https:\\\/\\\/becountry.be\\\/wp-content\\\/uploads\\\/2022\\\/01\\\/TextBeCountryLineDancers4.png\",\"contentUrl\":\"https:\\\/\\\/becountry.be\\\/wp-content\\\/uploads\\\/2022\\\/01\\\/TextBeCountryLineDancers4.png\",\"width\":493,\"height\":86,\"caption\":\"Be Country Line Dancers\"},\"image\":{\"@id\":\"https:\\\/\\\/becountry.be\\\/#\\\/schema\\\/logo\\\/image\\\/\"}}]}<\/script>\n<!-- \/ Yoast SEO plugin. -->","yoast_head_json":{"title":"Choregraphies - Be Country Line Dancers","robots":{"index":"index","follow":"follow","max-snippet":"max-snippet:-1","max-image-preview":"max-image-preview:large","max-video-preview":"max-video-preview:-1"},"canonical":"https:\/\/becountry.be\/?page_id=59","og_locale":"fr_FR","og_type":"article","og_title":"Choregraphies - Be Country Line Dancers","og_description":"Nos Chor\u00e9graphies By By Polka 1\u00e8re place au Championnat de Belgique 2010 Stepsheet Everyday USA Stepsheet In This Life Stepsheet La Fiesta 1\u00e8re place au Championnat de Belgique 2012 Stepsheet Rise Up 1\u00e8re place au Championnat de Belgique 2010 Stepsheet Rockin&rsquo; Rudolph 1\u00e8re place au Championnat de Belgique 2005 Stepsheet Witchdoctor Stepsheet Ain&rsquo;t No Quitter [&hellip;]","og_url":"https:\/\/becountry.be\/?page_id=59","og_site_name":"Be Country Line Dancers","article_modified_time":"2022-01-08T09:45:28+00:00","twitter_card":"summary_large_image","schema":{"@context":"https:\/\/schema.org","@graph":[{"@type":"WebPage","@id":"https:\/\/becountry.be\/?page_id=59","url":"https:\/\/becountry.be\/?page_id=59","name":"Choregraphies - Be Country Line Dancers","isPartOf":{"@id":"https:\/\/becountry.be\/#website"},"datePublished":"2022-01-05T21:20:31+00:00","dateModified":"2022-01-08T09:45:28+00:00","breadcrumb":{"@id":"https:\/\/becountry.be\/?page_id=59#breadcrumb"},"inLanguage":"fr-FR","potentialAction":[{"@type":"ReadAction","target":["https:\/\/becountry.be\/?page_id=59"]}]},{"@type":"BreadcrumbList","@id":"https:\/\/becountry.be\/?page_id=59#breadcrumb","itemListElement":[{"@type":"ListItem","position":1,"name":"Accueil","item":"https:\/\/becountry.be\/"},{"@type":"ListItem","position":2,"name":"Choregraphies"}]},{"@type":"WebSite","@id":"https:\/\/becountry.be\/#website","url":"https:\/\/becountry.be\/","name":"Be Country Line Dancers","description":"Cours de danse country - Belgique","publisher":{"@id":"https:\/\/becountry.be\/#organization"},"potentialAction":[{"@type":"SearchAction","target":{"@type":"EntryPoint","urlTemplate":"https:\/\/becountry.be\/?s={search_term_string}"},"query-input":{"@type":"PropertyValueSpecification","valueRequired":true,"valueName":"search_term_string"}}],"inLanguage":"fr-FR"},{"@type":"Organization","@id":"https:\/\/becountry.be\/#organization","name":"Be Country Line Dancers","url":"https:\/\/becountry.be\/","logo":{"@type":"ImageObject","inLanguage":"fr-FR","@id":"https:\/\/becountry.be\/#\/schema\/logo\/image\/","url":"https:\/\/becountry.be\/wp-content\/uploads\/2022\/01\/TextBeCountryLineDancers4.png","contentUrl":"https:\/\/becountry.be\/wp-content\/uploads\/2022\/01\/TextBeCountryLineDancers4.png","width":493,"height":86,"caption":"Be Country Line Dancers"},"image":{"@id":"https:\/\/becountry.be\/#\/schema\/logo\/image\/"}}]}},"_links":{"self":[{"href":"https:\/\/becountry.be\/index.php?rest_route=\/wp\/v2\/pages\/59","targetHints":{"allow":["GET"]}}],"collection":[{"href":"https:\/\/becountry.be\/index.php?rest_route=\/wp\/v2\/pages"}],"about":[{"href":"https:\/\/becountry.be\/index.php?rest_route=\/wp\/v2\/types\/page"}],"author":[{"embeddable":true,"href":"https:\/\/becountry.be\/index.php?rest_route=\/wp\/v2\/users\/1"}],"replies":[{"embeddable":true,"href":"https:\/\/becountry.be\/index.php?rest_route=%2Fwp%2Fv2%2Fcomments&post=59"}],"version-history":[{"count":20,"href":"https:\/\/becountry.be\/index.php?rest_route=\/wp\/v2\/pages\/59\/revisions"}],"predecessor-version":[{"id":1966,"href":"https:\/\/becountry.be\/index.php?rest_route=\/wp\/v2\/pages\/59\/revisions\/1966"}],"wp:attachment":[{"href":"https:\/\/becountry.be\/index.php?rest_route=%2Fwp%2Fv2%2Fmedia&parent=59"}],"curies":[{"name":"wp","href":"https:\/\/api.w.org\/{rel}","templated":true}]}}